{"id":58,"date":"2017-09-06T11:16:20","date_gmt":"2017-09-06T11:16:20","guid":{"rendered":"http:\/\/demos.pixelatethemes.com\/consultpluslst\/?page_id=58"},"modified":"2022-11-02T14:07:16","modified_gmt":"2022-11-02T17:07:16","slug":"contacto","status":"publish","type":"page","link":"https:\/\/jlm-projects.com\/pt\/contacto\/","title":{"rendered":"Contato"},"content":{"rendered":"<div class=\"vc_row wpb_row vc_row-fluid contact_us_area\"><div class=\"wpb_column vc_column_container vc_col-sm-12\"><div class=\"vc_column-inner\"><div class=\"wpb_wrapper\"><div class=\"vc_row wpb_row vc_inner vc_row-fluid contact_us_inner\"><div class=\"section_title wpb_column vc_column_container vc_col-sm-12\"><div class=\"vc_column-inner\"><div class=\"wpb_wrapper\">\n\t<div class=\"wpb_text_column wpb_content_element\" >\n\t\t<div class=\"wpb_wrapper\">\n\t\t\t<h2>N\u00e3o hesite em contactar-nos.<\/h2>\n<p>Se voc\u00ea tiver alguma d\u00favida ou preocupa\u00e7\u00e3o sobre algum de nossos servi\u00e7os, preencha este formul\u00e1rio. Responderemos em breve e faremos o poss\u00edvel para ajud\u00e1-lo. <strong>Deixe-nos uma mensagem!<\/strong><\/p>\n\n\t\t<\/div>\n\t<\/div>\n<\/div><\/div><\/div><div class=\"width_100 wpb_column vc_column_container vc_col-sm-8\"><div class=\"vc_column-inner\"><div class=\"wpb_wrapper\"><div role=\"form\" class=\"wpcf7\" id=\"wpcf7-f302-o1\" lang=\"en-US\" dir=\"ltr\">\n<div class=\"screen-reader-response\"><\/div>\n<form action=\"\/pt\/wp-json\/wp\/v2\/pages\/58#wpcf7-f302-o1\" method=\"post\" class=\"wpcf7-form\" novalidate=\"novalidate\" data-trp-original-action=\"\/pt\/wp-json\/wp\/v2\/pages\/58#wpcf7-f302-o1\">\n<div style=\"display: none;\">\n<input type=\"hidden\" name=\"_wpcf7\" value=\"302\" \/>\n<input type=\"hidden\" name=\"_wpcf7_version\" value=\"5.1.3\" \/>\n<input type=\"hidden\" name=\"_wpcf7_locale\" value=\"en_US\" \/>\n<input type=\"hidden\" name=\"_wpcf7_unit_tag\" value=\"wpcf7-f302-o1\" \/>\n<input type=\"hidden\" name=\"_wpcf7_container_post\" value=\"0\" \/>\n<\/div>\n<div class=\"contact_us_form\">\n<div class=\"form-group col-md-12\">\n\t\t<span class=\"wpcf7-form-control-wrap your-name\"><input type=\"text\" name=\"your-name\" value=\"\" size=\"40\" class=\"wpcf7-form-control wpcf7-text wpcf7-validates-as-required form-control\" aria-required=\"true\" aria-invalid=\"false\" placeholder=\"Primeiro nome\" \/><\/span>\n\t<\/div>\n<div class=\"form-group col-md-12\">\n\t\t<span class=\"wpcf7-form-control-wrap your-email\"><input type=\"email\" name=\"your-email\" value=\"\" size=\"40\" class=\"wpcf7-form-control wpcf7-text wpcf7-email wpcf7-validates-as-required wpcf7-validates-as-email form-control\" aria-required=\"true\" aria-invalid=\"false\" placeholder=\"E-mail\" \/><\/span>\n\t<\/div>\n<div class=\"form-group col-md-12\">\n\t\t<span class=\"wpcf7-form-control-wrap your-subject\"><input type=\"text\" name=\"your-subject\" value=\"\" size=\"40\" class=\"wpcf7-form-control wpcf7-text wpcf7-validates-as-required form-control\" aria-required=\"true\" aria-invalid=\"false\" placeholder=\"Assunto\" \/><\/span>\n\t<\/div>\n<div class=\"form-group col-md-12\">\n\t\t<span class=\"wpcf7-form-control-wrap your-message\"><textarea name=\"your-message\" cols=\"40\" rows=\"10\" class=\"wpcf7-form-control wpcf7-textarea form-control\" aria-invalid=\"false\" placeholder=\"Mensagem\"><\/textarea><\/span>\n\t<\/div>\n<div class=\"form-group col-md-12\">\n\t\t<button type=\"submit\" value=\"submit\" class=\"btn green_submit_btn form-control\">Enviar<\/button>\n\t<\/div>\n<\/div>\n<div class=\"wpcf7-response-output wpcf7-display-none\"><\/div><input type=\"hidden\" name=\"trp-form-language\" value=\"pt\"\/><\/form><\/div><\/div><\/div><\/div><div class=\"width_100 wpb_column vc_column_container vc_col-sm-4\"><div class=\"vc_column-inner\"><div class=\"wpb_wrapper\">\n\t<div class=\"wpb_text_column wpb_content_element\" >\n\t\t<div class=\"wpb_wrapper\">\n\t\t\t<div class=\"our_about_image\"><\/div>\n<div><img loading=\"lazy\" decoding=\"async\" class=\"alignnone size-full wp-image-1241\" src=\"https:\/\/jlm-projects.com\/wp-content\/uploads\/2019\/06\/JLM-Web-Logo-Fragmento-326x393.png\" alt=\"\" width=\"326\" height=\"393\" \/><\/div>\n\n\t\t<\/div>\n\t<\/div>\n<\/div><\/div><\/div><\/div><\/div><\/div><\/div><div class=\"contact_us_details wpb_column vc_column_container vc_col-sm-12\"><div class=\"vc_column-inner\"><div class=\"wpb_wrapper\">\t\t\t\t\r\n\t<div class=\"row\">\r\n\t\t<div class=\"col-md-4\">\r\n\t\t\t<div class=\"c_details_item\">\r\n\t\t\t\t<div class=\"media\">\r\n\t\t\t\t\t<div class=\"media-left\">\r\n\t\t\t\t\t\t<i class=\"fa fa-map-marker\"><\/i>\r\n\t\t\t\t\t<\/div>\r\n\t\t\t\t\t<div class=\"media-body\">\r\n\t\t\t\t\t\t<p>Jos\u00e9 Ingenieros 3030 P1 Of 17, Beccar, Argentina<\/p>\r\n\t\t\t\t\t<\/div>\r\n\t\t\t\t<\/div>\r\n\t\t\t<\/div>\r\n\t\t<\/div>\r\n\t\t<div class=\"col-md-4\">\r\n\t\t\t<div class=\"c_details_item\">\r\n\t\t\t\t<div class=\"media\">\r\n\t\t\t\t\t<div class=\"media-left\">\r\n\t\t\t\t\t\t<i class=\"fa fa-envelope-o\"><\/i>\r\n\t\t\t\t\t<\/div>\r\n\t\t\t\t\t<div class=\"media-body\">\r\n\t\t\t\t\t\t<a href=\"mailto:info@jlm-projects.com\">info@jlm-projects.com<\/a>\r\n\t\t\t\t\t\t<a href=\"mailto:\"><\/a>\r\n\t\t\t\t\t<\/div>\r\n\t\t\t\t<\/div>\r\n\t\t\t<\/div>\r\n\t\t<\/div>\r\n\t\t<div class=\"col-md-4\">\r\n\t\t\t<div class=\"c_details_item\">\r\n\t\t\t\t<div class=\"media\">\r\n\t\t\t\t\t<div class=\"media-left\">\r\n\t\t\t\t\t\t<i class=\"fa fa-phone\"><\/i>\r\n\t\t\t\t\t<\/div>\r\n\t\t\t\t\t<div class=\"media-body\">\r\n\t\t\t\t\t\t<a href=\"tel: 54 11 4710 2945\">+54 11 4710 2945<\/a>\r\n\t\t\t\t\t\t<a href=\"tel:\"><\/a>\r\n\t\t\t\t\t<\/div>\r\n\t\t\t\t<\/div>\r\n\t\t\t<\/div>\r\n\t\t<\/div>\r\n\t<\/div>\t\t\r\n<\/div><\/div><\/div><\/div><div data-vc-full-width=\"true\" data-vc-full-width-init=\"false\" data-vc-stretch-content=\"true\" class=\"vc_row wpb_row vc_row-fluid vc_row-no-padding\"><div class=\"wpb_column vc_column_container vc_col-sm-12\"><div class=\"vc_column-inner\"><div class=\"wpb_wrapper\"><div class=\"wpb_gmaps_widget wpb_content_element\" >\n\t\t<div class=\"wpb_wrapper\">\n\t\t<div class=\"wpb_map_wraper\">\n\t\t\t<iframe loading=\"lazy\" src=\"https:\/\/www.google.com\/maps\/embed?pb=!1m14!1m8!1m3!1d13153.274360073595!2d-58.574317!3d-34.4948066!3m2!1i1024!2i768!4f13.1!3m3!1m2!1s0x0%3A0xfc72797d4c9e37ce!2sJLM+Projects!5e0!3m2!1ses-419!2sar!4v1536711121040\" width=\"600\" height=\"440\" frameborder=\"0\" style=\"border:0\" allowfullscreen><\/iframe>\t\t<\/div>\n\t<\/div>\n<\/div>\n<\/div><\/div><\/div><\/div><div class=\"vc_row-full-width vc_clearfix\"><\/div>","protected":false},"excerpt":{"rendered":"No dude en contactarnos Si tiene una consulta o inquietud sobre alguno de nuestros servicios, complete este formulario. Le responderemos a la brevedad y haremos todo lo posible para ayudarlo \u00a1d\u00e9jenos un mensaje! Enviar Jos\u00e9 Ingenieros 3030 P1 Of 17, Beccar, Argentina info@jlm-projects.com +54 11 4710 2945","protected":false},"author":1,"featured_media":0,"parent":0,"menu_order":0,"comment_status":"closed","ping_status":"closed","template":"","meta":{"footnotes":""},"class_list":["post-58","page","type-page","status-publish","hentry"],"_links":{"self":[{"href":"https:\/\/jlm-projects.com\/pt\/wp-json\/wp\/v2\/pages\/58","targetHints":{"allow":["GET"]}}],"collection":[{"href":"https:\/\/jlm-projects.com\/pt\/wp-json\/wp\/v2\/pages"}],"about":[{"href":"https:\/\/jlm-projects.com\/pt\/wp-json\/wp\/v2\/types\/page"}],"author":[{"embeddable":true,"href":"https:\/\/jlm-projects.com\/pt\/wp-json\/wp\/v2\/users\/1"}],"replies":[{"embeddable":true,"href":"https:\/\/jlm-projects.com\/pt\/wp-json\/wp\/v2\/comments?post=58"}],"version-history":[{"count":12,"href":"https:\/\/jlm-projects.com\/pt\/wp-json\/wp\/v2\/pages\/58\/revisions"}],"predecessor-version":[{"id":1343,"href":"https:\/\/jlm-projects.com\/pt\/wp-json\/wp\/v2\/pages\/58\/revisions\/1343"}],"wp:attachment":[{"href":"https:\/\/jlm-projects.com\/pt\/wp-json\/wp\/v2\/media?parent=58"}],"curies":[{"name":"wp","href":"https:\/\/api.w.org\/{rel}","templated":true}]}}